{"id":1981,"date":"2023-02-26T09:00:06","date_gmt":"2023-02-26T07:00:06","guid":{"rendered":"https:\/\/esbosfp.fi\/?page_id=1981"},"modified":"2025-03-04T11:49:11","modified_gmt":"2025-03-04T09:49:11","slug":"ehdokkaat-2025-kuntavaaleissa","status":"publish","type":"page","link":"https:\/\/esbosfp.fi\/fi\/vaalit\/ehdokkaat-2025-kuntavaaleissa\/","title":{"rendered":"Ehdokkaat 2025 kuntavaaleissa"},"content":{"rendered":"\n<p>Kuntavaalit pidet\u00e4\u00e4n 13.4.2025.<\/p>\n\n\n\n<p>RKP:n ehdokkaat kuntavaaleissa Espoossa:<\/p>\n\n\n\n<p><strong>Tuba Acar<\/strong>, hemmafru, kotirouva<br><strong>Anne Ahlefelt<\/strong>, ledare inom sm\u00e5barnspedagogik, p\u00e4iv\u00e4kodin johtaja<br><strong>Kim Ahlfors<\/strong>, f\u00f6retagare, jordbrukare, yritt\u00e4j\u00e4, maanviljelij\u00e4<br><strong>Marianne Ahola<\/strong>, tradenom (MBA), tradenomi (MBA)<br><strong>Ahmed Ali<\/strong>, product owner, produkt\u00e4gare, tuoteomistaja<br><strong>Joni Alwindi<\/strong>, utbildningsentrepren\u00f6r, koulutusyritt\u00e4j\u00e4<br><strong>Johanna Aminoff-Winberg<\/strong>, FD, FT<br><strong>Rainer Andersson<\/strong>, taxichauff\u00f6r, MJD, taksinkuljettaja, MJD<br><strong>Marita Backman<\/strong>, VD, f\u00f6retagare, ekonom TJ, Yritt\u00e4j\u00e4, Ekonomi<br><strong>Harsh Barala<\/strong>, jurist, entrepren\u00f6r, juristi, yritt\u00e4j\u00e4<br><strong>Simon Berg<\/strong>, kock, studerande, kokki, opiskelija<br><strong>H\u00e5kan Blomberg<\/strong>, pension\u00e4r, el\u00e4kel\u00e4inen<br><strong>Edward Blomstedt<\/strong>, VD, toimitusjohtaja<br><strong>Ren\u00e9 Blomster<\/strong>, pension\u00e4r, el\u00e4kel\u00e4inen<br><strong>Gustav B\u00e5sk<\/strong>, dipl.ing. pension\u00e4r, dipl.ins, el\u00e4kel\u00e4inen<br><strong>Karin Cederl\u00f6f<\/strong>, jurist, fullm\u00e4ktigeledamot, juristi, kaupunginvaltuutettu<br><strong>Hanne-Grete Christensen<\/strong>, planerare, FM, suunnittelija, FM<br><strong>Tina Ehnstr\u00f6m-Backas<\/strong>, lektor, fil.mag, lehtori, FM<br><strong>Tom Eklundh<\/strong>, pension\u00e4r, el\u00e4kel\u00e4inen<br><strong>Mikael Eriksson<\/strong>, rektor, diplomingenj\u00f6r, rehtori, diplomi-insin\u00f6\u00f6ri<br><strong>Tom Gammals<\/strong>, CCO<br><strong>Christina Gestrin<\/strong>, folktingssekreterare, AFM, p\u00e4\u00e4sihteeri, MMM<br><strong>Fred Granberg<\/strong>, Eur.Ing., pension\u00e4r, Eur.Ins, el\u00e4kel\u00e4inen<br><strong>Hanna Gustafsson<\/strong>, ingenj\u00f6r, l\u00e4rare, inin\u00f6\u00f6ri, opettaja<br><strong>Crista Gr\u00f6nroos<\/strong>, ministergruppens specialmedarbetare, Pol.mag, ministeriryhm\u00e4n erityisavustaja, VTM<br><strong>Eva-Lena G\u00e4strin<\/strong>, sjuksk\u00f6tare, stadsfullm\u00e4ktigeledamot, sairaanhoitaja, kaupunginvaltuutettu<br><strong>Sara Haapalahti, <\/strong>Ped.mag, Pol.mag. KM, VTM<br><strong>Martin Heinrichs<\/strong>, pension\u00e4r, Adm.dir, el\u00e4kel\u00e4inen, hallintojohtaja<br><strong>Eva Helle<\/strong>, pension\u00e4r, internationell logistik-konsult, el\u00e4kel\u00e4inen, konsultti<br><strong>Christina Hellstr\u00f6m<\/strong>, IT konsult, IT konsultti<br><strong>William Hern\u00e1ndez C<\/strong>, l\u00e4rare, opettaja<br><strong>Johan Holmberg<\/strong>, Business controller, ekon.mag, Business controller, KTM<br><strong>Bjarne H\u00e4ggman<\/strong>, AFM (Forstm\u00e4stare), sm\u00e5f\u00f6retagare, MMM (Mets\u00e4nhoitaja), pienyritt\u00e4j\u00e4<br><strong>Nina af H\u00e4llstr\u00f6m<\/strong>, fullm\u00e4ktigeledamot, verksamhetsledare, kaupunginvaltuutettu, toiminnanjohtaja<br><strong>Fredrika H\u00e4melin<\/strong>, avdelningschef, restonom, osastop\u00e4\u00e4llikk\u00f6, restonomi<br><strong>Mauritz Immonen<\/strong>, f\u00f6retagare, yritt\u00e4j\u00e4<br><strong>Hesam Jafarian<\/strong>, doktorand, v\u00e4it\u00f6skirjatutkija<br><strong>Charlotta Jakobsson<\/strong>, ink\u00f6pare, MBA, ostaja, MBA<br><strong>Anna Korhonen<\/strong>, sakkunnig, pol.mag. asiantuntija, VTM<br><strong>Christoffer K\u00e5ll<\/strong>, f\u00f6rs\u00e4ljare, aff\u00e4rsutvecklare, myyj\u00e4, liiketoiminnan kehitt\u00e4j\u00e4<br><strong>Robert Lagus<\/strong>, IT-konsult, tietotekniikan neuvonantaja<br><strong>Catharina Lindroos<\/strong>, musikpedagog, musiikkipedagogi<br><strong>Malin Lindroth<\/strong>, studerande, opiskelija<br><strong>Peetu Luiro<\/strong>, Godk\u00e4nd styrelsemedlem, projektledare, HHJ, projektip\u00e4\u00e4llikk\u00f6<br><strong>Rasmus Lund\u00e9n<\/strong>, idrottsl\u00e4rare, liikunnanopettaja<br><strong>Sebastian L\u00e5ngstr\u00f6m<\/strong>, l\u00e4rare, opettaja<br><strong>Bo L\u00f6nnqvist<\/strong>, Chief Business officer<br><strong>Mathew Mailaparampil<\/strong>, diplomingenj\u00f6r, diplomi-insin\u00f6\u00f6ri<br><strong>Niklas Mannfolk <\/strong>ekon.mag, KTM<br><strong>Isabella Martin<\/strong>, socialarbetare, pol.mag, sociaality\u00f6ntekij\u00e4, VTM<br><strong>Anja Miettinen<\/strong>, ekon.mag. samh\u00e4llspedagog stud. KTM, Yhteis\u00f6pedagogian yo<br><strong>Pontus Molander<\/strong>, l\u00e4kare, l\u00e4\u00e4k\u00e4ri<br><strong>Anna Sofia Nevanlinna<\/strong>, h\u00e4lsov\u00e5rdare, nyckelkundansvarig, terveydenhoitaja, avainasiakkuusp\u00e4\u00e4llikk\u00f6<br><strong>H\u00e5kan Nyman<\/strong>, pension\u00e4r, Ing, el\u00e4kel\u00e4inen, Ins<br><strong>Oliver Otterstr\u00f6m<\/strong>, studerande, opiskelija<br><strong>Pekka Palom\u00e4ki<\/strong>, ekonomichef, talousp\u00e4\u00e4llikk\u00f6, HHJ, KTM<br><strong>Garry Parker<\/strong>, jurist, juristi<br><strong>P\u00e4ivi Puntila<\/strong>, aff\u00e4rsutvecklingschef, liiketoiminnan kehitysjohtaja<br><strong>Henrik Ramm-Schmidt<\/strong>, f\u00f6retagare, yritt\u00e4j\u00e4<br><strong>Eliel Renlund<\/strong>, studerande, opiskelija<br><strong>Peter Rolin<\/strong>, pedagogie magister, kasvatustieteen maisteri<br><strong>Mats Roseng\u00e5rd<\/strong>, pension\u00e4r, Ekon.mag, el\u00e4kel\u00e4inen, KTM<br><strong>Henrik R\u00e4ih\u00e4<\/strong>, viceh\u00e4radsh\u00f6vding, pension\u00e4r, varatuomari, el\u00e4kel\u00e4inen (sitoutumaton)<br><strong>Maria Saaristo<\/strong>, politices doktor, valtiotieteiden tohtori (sitoutumaton)<br><strong>Leena Sarvaranta<\/strong>, teknologiedoktor, tekniikan tohtori<br><strong>Caroline Sparf<\/strong>, f\u00f6retagare, upptr\u00e4dande artist, yritt\u00e4j\u00e4, esiintyv\u00e4 taiteilija<br><strong>Marianne Stenbacka<\/strong>, ekon. mag. KTM<br><strong>Julia St\u00e5hle<\/strong>, socialpolitisk sakkunnig, sociaalipolitiikan asiantuntija<br><strong>Markus S\u00f6derman<\/strong>, spr\u00e5kvetare, kielitieteilij\u00e4<br><strong>Annica Tallqvist<\/strong>, politices magister, valtiotieteiden maisteri<br><strong>Isabella Tiermas<\/strong>, studerande, opiskelija<br><strong>Bao Tran<\/strong>, legal- and compliance trainee, masters candidate<br><strong>Caspar von Walzel<\/strong>, ingenj\u00f6r, insin\u00f6\u00f6ri<br><strong>Tove Westerlund<\/strong>, pension\u00e4r, el\u00e4kel\u00e4inen<br><strong>Kristiane Width<\/strong>, elitidrottare, huippu-uheilija<br><strong>Mehdi Yarmohammadi<\/strong>, chairman<br><strong>Marzieh Zare<\/strong>, doktorand, v\u00e4it\u00f6skirjatutkijaJo nimetyt ehdokkaat:<\/p>\n\n\n\n<p><\/p>\n","protected":false},"excerpt":{"rendered":"<p>Kuntavaalit pidet\u00e4\u00e4n 13.4.2025. RKP:n ehdokkaat kuntavaaleissa Espoossa: Tuba Acar, hemmafru, kotirouvaAnne Ahlefelt, ledare inom sm\u00e5barnspedagogik, p\u00e4iv\u00e4kodin johtajaKim Ahlfors, f\u00f6retagare, jordbrukare, yritt\u00e4j\u00e4, maanviljelij\u00e4Marianne Ahola, tradenom (MBA), tradenomi (MBA)Ahmed Ali, product owner,&#8230;<\/p>\n","protected":false},"author":20,"featured_media":0,"parent":1983,"menu_order":1,"comment_status":"closed","ping_status":"closed","template":"","meta":{"_acf_changed":false,"_locale":"fi","_original_post":"https:\/\/esbosfp.fi\/?page_id=1618","footnotes":""},"class_list":["post-1981","page","type-page","status-publish","hentry","fi"],"acf":[],"_links":{"self":[{"href":"https:\/\/esbosfp.fi\/wp-json\/wp\/v2\/pages\/1981","targetHints":{"allow":["GET"]}}],"collection":[{"href":"https:\/\/esbosfp.fi\/wp-json\/wp\/v2\/pages"}],"about":[{"href":"https:\/\/esbosfp.fi\/wp-json\/wp\/v2\/types\/page"}],"author":[{"embeddable":true,"href":"https:\/\/esbosfp.fi\/wp-json\/wp\/v2\/users\/20"}],"replies":[{"embeddable":true,"href":"https:\/\/esbosfp.fi\/wp-json\/wp\/v2\/comments?post=1981"}],"version-history":[{"count":13,"href":"https:\/\/esbosfp.fi\/wp-json\/wp\/v2\/pages\/1981\/revisions"}],"predecessor-version":[{"id":12337,"href":"https:\/\/esbosfp.fi\/wp-json\/wp\/v2\/pages\/1981\/revisions\/12337"}],"up":[{"embeddable":true,"href":"https:\/\/esbosfp.fi\/wp-json\/wp\/v2\/pages\/1983"}],"wp:attachment":[{"href":"https:\/\/esbosfp.fi\/wp-json\/wp\/v2\/media?parent=1981"}],"curies":[{"name":"wp","href":"https:\/\/api.w.org\/{rel}","templated":true}]}}