{"id":1962,"date":"2023-02-26T08:19:58","date_gmt":"2023-02-26T06:19:58","guid":{"rendered":"https:\/\/esbosfp.fi\/?page_id=1962"},"modified":"2023-06-12T22:42:14","modified_gmt":"2023-06-12T19:42:14","slug":"sfp-i-esbo-2","status":"publish","type":"page","link":"https:\/\/esbosfp.fi\/","title":{"rendered":"Espoon RKP"},"content":{"rendered":"\n<p>Olemme Ruotsalaisen kansanpuolueen Espoon paikallisyhdistys. Kuntavaaliehdokkaamme l\u00f6yd\u00e4t&nbsp;<a href=\"https:\/\/esbosfp.fi\/kommunalvalet-2017\/\">t\u00e4\u00e4lt\u00e4<\/a>. Poliittisen ohjelmamme painopisteet<a href=\"https:\/\/esbosfp.fi\/2017\/03\/22\/painopisteemme-vuosina-2017-2021\/\">&nbsp;t\u00e4\u00e4lt\u00e4<\/a>.<\/p>\n\n\n\n<p>Kiinnostuitko toiminnastamme? Ota yhteytt\u00e4!<\/p>\n\n\n\n<p>H\u00e5kan Blomberg, puheenjohtaja, 046 509 9200, <a href=\"mailto:&#104;a&#107;&#97;n&#46;&#98;l&#111;m&#98;&#101;&#114;&#103;&#64;ou&#116;l&#111;ok.com\">hakan.blomberg(at)outlook.com<\/a><br>Tiina Kujala, toiminnanjohtaja, tiedottaja, valtuustoryhm\u00e4n ja yhdistyksen hallituksen sihteeri,\u00a0<\/p>\n\n\n\n<p>040 576 2497,\u00a0<a rel=\"noreferrer noopener\" href=\"mailto:&#116;i&#105;na&#64;t&#105;&#105;&#110;&#97;ku&#106;a&#108;&#97;.&#102;i\" target=\"_blank\">tiina(at)tiinakujala.fi<\/a><\/p>\n","protected":false},"excerpt":{"rendered":"<p>Olemme Ruotsalaisen kansanpuolueen Espoon paikallisyhdistys. Kuntavaaliehdokkaamme l\u00f6yd\u00e4t&nbsp;t\u00e4\u00e4lt\u00e4. Poliittisen ohjelmamme painopisteet&nbsp;t\u00e4\u00e4lt\u00e4. Kiinnostuitko toiminnastamme? Ota yhteytt\u00e4! H\u00e5kan Blomberg, puheenjohtaja, 046 509 9200, hakan.blomberg(at)outlook.comTiina Kujala, toiminnanjohtaja, tiedottaja, valtuustoryhm\u00e4n ja yhdistyksen hallituksen sihteeri,\u00a0 040&#8230;<\/p>\n","protected":false},"author":20,"featured_media":0,"parent":0,"menu_order":100,"comment_status":"closed","ping_status":"closed","template":"","meta":{"_acf_changed":false,"_locale":"fi","_original_post":"https:\/\/esbosfp.fi\/?page_id=1958","footnotes":""},"class_list":["post-1962","page","type-page","status-publish","hentry","fi"],"acf":[],"_links":{"self":[{"href":"https:\/\/esbosfp.fi\/wp-json\/wp\/v2\/pages\/1962","targetHints":{"allow":["GET"]}}],"collection":[{"href":"https:\/\/esbosfp.fi\/wp-json\/wp\/v2\/pages"}],"about":[{"href":"https:\/\/esbosfp.fi\/wp-json\/wp\/v2\/types\/page"}],"author":[{"embeddable":true,"href":"https:\/\/esbosfp.fi\/wp-json\/wp\/v2\/users\/20"}],"replies":[{"embeddable":true,"href":"https:\/\/esbosfp.fi\/wp-json\/wp\/v2\/comments?post=1962"}],"version-history":[{"count":3,"href":"https:\/\/esbosfp.fi\/wp-json\/wp\/v2\/pages\/1962\/revisions"}],"predecessor-version":[{"id":2112,"href":"https:\/\/esbosfp.fi\/wp-json\/wp\/v2\/pages\/1962\/revisions\/2112"}],"wp:attachment":[{"href":"https:\/\/esbosfp.fi\/wp-json\/wp\/v2\/media?parent=1962"}],"curies":[{"name":"wp","href":"https:\/\/api.w.org\/{rel}","templated":true}]}}